{"id":414,"date":"2024-03-13T19:54:59","date_gmt":"2024-03-13T19:54:59","guid":{"rendered":"https:\/\/agencia2x3.cl\/cmr\/?page_id=414"},"modified":"2024-05-22T18:10:06","modified_gmt":"2024-05-22T18:10:06","slug":"preguntas-frecuentes","status":"publish","type":"page","link":"https:\/\/agencia2x3.cl\/cmr\/preguntas-frecuentes\/","title":{"rendered":"preguntas frecuentes"},"content":{"rendered":"\n\t<section class=\"section\" id=\"section_1748068970\">\n\t\t<div class=\"bg section-bg fill bg-fill  bg-loaded\" >\n\n\t\t\t\n\t\t\t<div class=\"section-bg-overlay absolute fill\"><\/div>\n\t\t\t\n\n\t\t<\/div>\n\n\t\t\n\n\t\t<div class=\"section-content relative\">\n\t\t\t\n\n<div class=\"row\"  id=\"row-1866831814\">\n\n\n\t<div id=\"col-798578823\" class=\"col small-12 large-12\"  >\n\t\t\t\t<div class=\"col-inner\" style=\"background-color:rgb(255, 255, 255);\" >\n\t\t\t\n\t\t\t\n\n<div class=\"row\"  id=\"row-472984022\">\n\n\n\t<div id=\"col-496879069\" class=\"col small-12 large-12\"  >\n\t\t\t\t<div class=\"col-inner\"  >\n\t\t\t\n\t\t\t\n\n<h1><span style=\"font-size: 130%;\">PREGUNTAS FRECUENTES<\/span><\/h1>\n\n\t\t<\/div>\n\t\t\t\t\t<\/div>\n\n\t\n\n<\/div>\n<div class=\"row\"  id=\"row-423223667\">\n\n\n\t<div id=\"col-1715343337\" class=\"col medium-6 small-12 large-6\"  >\n\t\t\t\t<div class=\"col-inner\"  >\n\t\t\t\n\t\t\t\n\n<div class=\"accordion\">\n\n\t<div id=\"accordion-2579341067\" class=\"accordion-item\">\n\t\t<a id=\"accordion-2579341067-label\" class=\"accordion-title plain\" href=\"#accordion-item-\u00bfque-informaci\u00f3n-puedo-obtener-consultando-el-estado-del-tr\u00e1mite-en-esta-p\u00e1gina?\" aria-expanded=\"false\" aria-controls=\"accordion-2579341067-content\" >\n\t\t\t<button class=\"toggle\" aria-label=\"Toggle\"><i class=\"icon-angle-down\"><\/i><\/button>\n\t\t\t<span>\u00bfQue informaci\u00f3n puedo obtener consultando el Estado del Tr\u00e1mite en esta p\u00e1gina?<\/span>\n\t\t<\/a>\n\t\t<div id=\"accordion-2579341067-content\" class=\"accordion-inner\" aria-labelledby=\"accordion-2579341067-label\" >\n\t\t\t\n\n<p><span style=\"font-weight: 400;\">En esta p\u00e1gina podr\u00e1s revisar con tu rut en que parte del proceso de Certificaci\u00f3n de Invalidez se encuentra su tr\u00e1mite y la explicaci\u00f3n de cada paso.<\/span><\/p>\n\n\t\t<\/div>\n\t<\/div>\n\t\n\t<div id=\"accordion-3424957794\" class=\"accordion-item\">\n\t\t<a id=\"accordion-3424957794-label\" class=\"accordion-title plain\" href=\"#accordion-item-la-informaci\u00f3n-del-estado-del-tr\u00e1mite-\u00bfse-entrega-a-terceros?\" aria-expanded=\"false\" aria-controls=\"accordion-3424957794-content\" >\n\t\t\t<button class=\"toggle\" aria-label=\"Toggle\"><i class=\"icon-angle-down\"><\/i><\/button>\n\t\t\t<span>La informaci\u00f3n del estado del tr\u00e1mite \u00bfse entrega a terceros?<\/span>\n\t\t<\/a>\n\t\t<div id=\"accordion-3424957794-content\" class=\"accordion-inner\" aria-labelledby=\"accordion-3424957794-label\" >\n\t\t\t\n\n<p><span style=\"font-weight: 400;\">En general la informaci\u00f3n del estado del tr\u00e1mite del proceso de Certificaci\u00f3n de Invalidez se entrega en pantalla a los Solicitantes que se encuentran con un proceso de certificaci\u00f3n de invalidez vigente, validando su identidad a trav\u00e9s de Clave \u00danica sin embargo en caso que un tercero solicite la informaci\u00f3n, deber\u00e1 adjuntar en la p\u00e1gina un poder simple que acredite la representaci\u00f3n del solicitante, lo que ser\u00e1 revisado y respondido posteriormente por la Comidi\u00f3n M\u00e9dica Respectiva mediante correo electr\u00f3nico.<\/span><\/p>\n\n\t\t<\/div>\n\t<\/div>\n\t\n\t<div id=\"accordion-3288462867\" class=\"accordion-item\">\n\t\t<a id=\"accordion-3288462867-label\" class=\"accordion-title plain\" href=\"#accordion-item-\u00bfcomo-puedo-obtener-la-informaci\u00f3n-si-no-tengo-clave-\u00danica?\" aria-expanded=\"false\" aria-controls=\"accordion-3288462867-content\" >\n\t\t\t<button class=\"toggle\" aria-label=\"Toggle\"><i class=\"icon-angle-down\"><\/i><\/button>\n\t\t\t<span>\u00bfComo puedo obtener la informaci\u00f3n si no tengo Clave \u00danica?<\/span>\n\t\t<\/a>\n\t\t<div id=\"accordion-3288462867-content\" class=\"accordion-inner\" aria-labelledby=\"accordion-3288462867-label\" >\n\t\t\t\n\n<p><span style=\"font-weight: 400;\">Para obtener la informaci\u00f3n del estado del tr\u00e1mite, Se deber\u00e1 solicitar Clave \u00danica V\u00eda telem\u00e1tica por videoconferencia o presencialmente en oficinas y t\u00f3tems del Registro Civil o de ChileAtiende.\u00a0 <a href=\"https:\/\/claveunica.gob.cl\/\" target=\"_blank\" rel=\"noopener\">https:\/\/claveunica.gob.cl\/<\/a><\/span><\/p>\n<p>\u00a0<\/p>\n<p><span style=\"font-weight: 400;\">En caso que no posea clave \u00fanica o este en proceso de obtenci\u00f3n de la misma, puede llamar al Call Center 600 489 6000<\/span><\/p>\n\n\t\t<\/div>\n\t<\/div>\n\t\n\t<div id=\"accordion-2550809116\" class=\"accordion-item\">\n\t\t<a id=\"accordion-2550809116-label\" class=\"accordion-title plain\" href=\"#accordion-item-\u00bfque-es-la-pensi\u00f3n-de-invalidez?\" aria-expanded=\"false\" aria-controls=\"accordion-2550809116-content\" >\n\t\t\t<button class=\"toggle\" aria-label=\"Toggle\"><i class=\"icon-angle-down\"><\/i><\/button>\n\t\t\t<span>\u00bfQue es la Pensi\u00f3n de Invalidez?<\/span>\n\t\t<\/a>\n\t\t<div id=\"accordion-2550809116-content\" class=\"accordion-inner\" aria-labelledby=\"accordion-2550809116-label\" >\n\t\t\t\n\n<p><span style=\"font-weight: 400;\">Es una pensi\u00f3n para las personas afiliadas a una AFP que sufran un menoscabo permanente de su capacidad de trabajo, a consecuencia de una enfermedad o debilitamiento de sus fuerzas f\u00edsicas o intelectuales.<\/span><\/p>\n<p><span style=\"font-weight: 400;\">Tienen derecho a recibir una pensi\u00f3n de invalidez las personas que:<\/span><\/p>\n<ul>\n<li><span style=\"font-weight: 400;\">Est\u00e9n afiliadas a una AFP.<\/span><\/li>\n<li><span style=\"font-weight: 400;\">No hayan cumplido la edad legal para pensionarse por vejez (65 a\u00f1os en el caso de los hombres y 60 a\u00f1os en el caso de las mujeres.<\/span><\/li>\n<li><span style=\"font-weight: 400;\">Hayan sido declarados inv\u00e1lidos por una Comisi\u00f3n M\u00e9dica.<\/span><\/li>\n<\/ul>\n<p><span style=\"font-weight: 400;\">Existen:<\/span><\/p>\n<p><span style=\"font-weight: 400;\"><strong>Pensi\u00f3n de Invalidez Total<\/strong>, para afiliados con una p\u00e9rdida de su capacidad de trabajo de, al menos, dos tercios.<\/span><\/p>\n<p><span style=\"font-weight: 400;\"><strong>Pensi\u00f3n de Invalidez Parcial,<\/strong> para afiliados con una p\u00e9rdida de su capacidad de trabajo igual o superior a cincuenta por ciento e inferior a dos tercios.<\/span><\/p>\n<p><span style=\"font-weight: 400;\">La pensi\u00f3n de invalidez se paga hasta la fecha en que la persona cumple la edad legal. A partir de ese momento, recibe una pensi\u00f3n de vejez.<\/span><\/p>\n<p><span style=\"font-weight: 400;\">En el siguiente enlace encontrar\u00e1s preguntas y respuestas al Proceso de Pensi\u00f3n de Invalidez, tr\u00e1mites, normativa y publicaciones de la Superintendencia de Pensiones. Enlace<\/span><\/p>\n<p><span style=\"font-weight: 400;\">Para mayor informaci\u00f3n, visite sitio web de la Superintendencia de Pensiones <a href=\"http:\/\/www.spensiones.cl\" target=\"_blank\" rel=\"noopener\">www.spensiones.cl<\/a><\/span><\/p>\n\n\t\t<\/div>\n\t<\/div>\n\t\n\n<\/div>\n\n\t\t<\/div>\n\t\t\t\t\t<\/div>\n\n\t\n\n\t<div id=\"col-919582229\" class=\"col medium-6 small-12 large-6\"  >\n\t\t\t\t<div class=\"col-inner\"  >\n\t\t\t\n\t\t\t\n\n\t<div class=\"img has-hover x md-x lg-x y md-y lg-y\" id=\"image_1320839235\">\n\t\t\t\t\t\t\t\t<div class=\"img-inner dark\" >\n\t\t\t<img loading=\"lazy\" decoding=\"async\" width=\"480\" height=\"319\" src=\"https:\/\/agencia2x3.cl\/cmr\/wp-content\/uploads\/2024\/03\/abuelo-reclamar-nieto.jpg\" class=\"attachment-large size-large\" alt=\"\" \/>\t\t\t\t\t\t\n\t\t\t\t\t<\/div>\n\t\t\t\t\t\t\t\t\n<style>\n#image_1320839235 {\n  width: 100%;\n}\n<\/style>\n\t<\/div>\n\t\n\n\n\t\t<\/div>\n\t\t\t\t\t<\/div>\n\n\t\n\n\n<style>\n#row-423223667 > .col > .col-inner {\n  background-color: rgb(255, 255, 255);\n}\n<\/style>\n<\/div>\n\n\t\t<\/div>\n\t\t\t\t\t<\/div>\n\n\t\n\n\n<style>\n#row-1866831814 > .col > .col-inner {\n  padding: 10px 10px 10px 10px;\n  background-color: rgb(255, 255, 255);\n}\n<\/style>\n<\/div>\n\t<div id=\"gap-2092724239\" class=\"gap-element clearfix\" style=\"display:block; height:auto;\">\n\t\t\n<style>\n#gap-2092724239 {\n  padding-top: 100px;\n}\n<\/style>\n\t<\/div>\n\t\n\n\n\t\t<\/div>\n\n\t\t\n<style>\n#section_1748068970 {\n  padding-top: 30px;\n  padding-bottom: 30px;\n}\n#section_1748068970 .section-bg-overlay {\n  background-color: rgb(237, 237, 237);\n}\n<\/style>\n\t<\/section>\n\t\n\n","protected":false},"excerpt":{"rendered":"","protected":false},"author":1,"featured_media":0,"parent":0,"menu_order":0,"comment_status":"closed","ping_status":"closed","template":"page-blank.php","meta":{"footnotes":""},"class_list":["post-414","page","type-page","status-publish","hentry"],"_links":{"self":[{"href":"https:\/\/agencia2x3.cl\/cmr\/wp-json\/wp\/v2\/pages\/414","targetHints":{"allow":["GET"]}}],"collection":[{"href":"https:\/\/agencia2x3.cl\/cmr\/wp-json\/wp\/v2\/pages"}],"about":[{"href":"https:\/\/agencia2x3.cl\/cmr\/wp-json\/wp\/v2\/types\/page"}],"author":[{"embeddable":true,"href":"https:\/\/agencia2x3.cl\/cmr\/wp-json\/wp\/v2\/users\/1"}],"replies":[{"embeddable":true,"href":"https:\/\/agencia2x3.cl\/cmr\/wp-json\/wp\/v2\/comments?post=414"}],"version-history":[{"count":14,"href":"https:\/\/agencia2x3.cl\/cmr\/wp-json\/wp\/v2\/pages\/414\/revisions"}],"predecessor-version":[{"id":745,"href":"https:\/\/agencia2x3.cl\/cmr\/wp-json\/wp\/v2\/pages\/414\/revisions\/745"}],"wp:attachment":[{"href":"https:\/\/agencia2x3.cl\/cmr\/wp-json\/wp\/v2\/media?parent=414"}],"curies":[{"name":"wp","href":"https:\/\/api.w.org\/{rel}","templated":true}]}}